{"id":19,"date":"2023-07-12T19:30:37","date_gmt":"2023-07-12T19:30:37","guid":{"rendered":"https:\/\/www.mattiadeluca.com\/?page_id=19"},"modified":"2025-11-03T11:42:57","modified_gmt":"2025-11-03T11:42:57","slug":"la-galleria","status":"publish","type":"page","link":"https:\/\/www.mattiadeluca.com\/it\/la-galleria\/","title":{"rendered":"La Galleria"},"content":{"rendered":"\t\t<div data-elementor-type=\"wp-page\" data-elementor-id=\"19\" data-post-id=\"19\" data-obj-id=\"19\" class=\"elementor elementor-19 dce-elementor-post-19\" data-elementor-post-type=\"page\">\n\t\t\t\t<div class=\"elementor-element elementor-element-afa96ab elementor-hidden-desktop elementor-hidden-tablet elementor-hidden-mobile e-flex e-con-boxed e-con e-parent\" data-id=\"afa96ab\" data-element_type=\"container\">\n\t\t\t\t\t<div class=\"e-con-inner\">\n\t\t\t\t<div class=\"elementor-element elementor-element-c61b844 elementor-widget elementor-widget-heading\" data-id=\"c61b844\" data-element_type=\"widget\" data-widget_type=\"heading.default\">\n\t\t\t\t<div class=\"elementor-widget-container\">\n\t\t\t<style>\/*! elementor - v3.21.0 - 30-04-2024 *\/\n.elementor-heading-title{padding:0;margin:0;line-height:1}.elementor-widget-heading .elementor-heading-title[class*=elementor-size-]>a{color:inherit;font-size:inherit;line-height:inherit}.elementor-widget-heading .elementor-heading-title.elementor-size-small{font-size:15px}.elementor-widget-heading .elementor-heading-title.elementor-size-medium{font-size:19px}.elementor-widget-heading .elementor-heading-title.elementor-size-large{font-size:29px}.elementor-widget-heading .elementor-heading-title.elementor-size-xl{font-size:39px}.elementor-widget-heading .elementor-heading-title.elementor-size-xxl{font-size:59px}<\/style><h2 class=\"elementor-heading-title elementor-size-default\">La Galleria<\/h2>\t\t<\/div>\n\t\t\t\t<\/div>\n\t\t\t\t\t<\/div>\n\t\t\t\t<\/div>\n\t\t<div class=\"elementor-element elementor-element-935f0c6 e-flex e-con-boxed e-con e-parent\" data-id=\"935f0c6\" data-element_type=\"container\">\n\t\t\t\t\t<div class=\"e-con-inner\">\n\t\t\t\t<div class=\"elementor-element elementor-element-5da1e24 elementor-widget elementor-widget-video\" data-id=\"5da1e24\" data-element_type=\"widget\" data-settings=\"{&quot;video_type&quot;:&quot;hosted&quot;,&quot;autoplay&quot;:&quot;yes&quot;,&quot;loop&quot;:&quot;yes&quot;,&quot;play_on_mobile&quot;:&quot;yes&quot;}\" data-widget_type=\"video.default\">\n\t\t\t\t<div class=\"elementor-widget-container\">\n\t\t\t<style>\/*! elementor - v3.21.0 - 30-04-2024 *\/\n.elementor-widget-video .elementor-widget-container{overflow:hidden;transform:translateZ(0)}.elementor-widget-video .elementor-wrapper{aspect-ratio:var(--video-aspect-ratio)}.elementor-widget-video .elementor-wrapper iframe,.elementor-widget-video .elementor-wrapper video{height:100%;width:100%;display:flex;border:none;background-color:#000}@supports not (aspect-ratio:1\/1){.elementor-widget-video .elementor-wrapper{position:relative;overflow:hidden;height:0;padding-bottom:calc(100% \/ var(--video-aspect-ratio))}.elementor-widget-video .elementor-wrapper iframe,.elementor-widget-video .elementor-wrapper video{position:absolute;top:0;right:0;bottom:0;left:0}}.elementor-widget-video .elementor-open-inline .elementor-custom-embed-image-overlay{position:absolute;top:0;right:0;bottom:0;left:0;background-size:cover;background-position:50%}.elementor-widget-video .elementor-custom-embed-image-overlay{cursor:pointer;text-align:center}.elementor-widget-video .elementor-custom-embed-image-overlay:hover .elementor-custom-embed-play i{opacity:1}.elementor-widget-video .elementor-custom-embed-image-overlay img{display:block;width:100%;aspect-ratio:var(--video-aspect-ratio);-o-object-fit:cover;object-fit:cover;-o-object-position:center center;object-position:center center}@supports not (aspect-ratio:1\/1){.elementor-widget-video .elementor-custom-embed-image-overlay{position:relative;overflow:hidden;height:0;padding-bottom:calc(100% \/ var(--video-aspect-ratio))}.elementor-widget-video .elementor-custom-embed-image-overlay img{position:absolute;top:0;right:0;bottom:0;left:0}}.elementor-widget-video .e-hosted-video .elementor-video{-o-object-fit:cover;object-fit:cover}.e-con-inner>.elementor-widget-video,.e-con>.elementor-widget-video{width:var(--container-widget-width);--flex-grow:var(--container-widget-flex-grow)}<\/style>\t\t<div class=\"e-hosted-video elementor-wrapper elementor-open-inline\">\n\t\t\t\t\t<video class=\"elementor-video\" src=\"https:\/\/www.mattiadeluca.com\/wp-content\/uploads\/2024\/03\/90-secondi-superleggero.mp4\" autoplay=\"\" loop=\"\" playsinline=\"\" controlsList=\"nodownload\"><\/video>\n\t\t\t\t<\/div>\n\t\t\t\t<\/div>\n\t\t\t\t<\/div>\n\t\t\t\t\t<\/div>\n\t\t\t\t<\/div>\n\t\t<div class=\"elementor-element elementor-element-292e569 e-flex e-con-boxed e-con e-parent\" data-id=\"292e569\" data-element_type=\"container\">\n\t\t\t\t\t<div class=\"e-con-inner\">\n\t\t<div class=\"elementor-element elementor-element-b476724 e-flex e-con-boxed e-con e-child\" data-id=\"b476724\" data-element_type=\"container\">\n\t\t\t\t\t<div class=\"e-con-inner\">\n\t\t\t\t<div class=\"elementor-element elementor-element-8eb4c4e elementor-widget elementor-widget-image\" data-id=\"8eb4c4e\" data-element_type=\"widget\" data-widget_type=\"image.default\">\n\t\t\t\t<div class=\"elementor-widget-container\">\n\t\t\t<style>\/*! elementor - v3.21.0 - 30-04-2024 *\/\n.elementor-widget-image{text-align:center}.elementor-widget-image a{display:inline-block}.elementor-widget-image a img[src$=\".svg\"]{width:48px}.elementor-widget-image img{vertical-align:middle;display:inline-block}<\/style>\t\t\t\t\t\t\t\t\t\t<img fetchpriority=\"high\" decoding=\"async\" width=\"853\" height=\"1280\" src=\"https:\/\/www.mattiadeluca.com\/wp-content\/uploads\/2023\/09\/mattia_profile.jpg\" class=\"attachment-full size-full wp-image-1203\" alt=\"\" srcset=\"https:\/\/www.mattiadeluca.com\/wp-content\/uploads\/2023\/09\/mattia_profile.jpg 853w, https:\/\/www.mattiadeluca.com\/wp-content\/uploads\/2023\/09\/mattia_profile-200x300.jpg 200w, https:\/\/www.mattiadeluca.com\/wp-content\/uploads\/2023\/09\/mattia_profile-682x1024.jpg 682w, https:\/\/www.mattiadeluca.com\/wp-content\/uploads\/2023\/09\/mattia_profile-768x1152.jpg 768w\" sizes=\"(max-width: 853px) 100vw, 853px\" \/>\t\t\t\t\t\t\t\t\t\t\t\t\t<\/div>\n\t\t\t\t<\/div>\n\t\t\t\t\t<\/div>\n\t\t\t\t<\/div>\n\t\t<div class=\"elementor-element elementor-element-23099f0 e-flex e-con-boxed e-con e-child\" data-id=\"23099f0\" data-element_type=\"container\">\n\t\t\t\t\t<div class=\"e-con-inner\">\n\t\t\t\t<div class=\"elementor-element elementor-element-225bf62 elementor-widget elementor-widget-text-editor\" data-id=\"225bf62\" data-element_type=\"widget\" data-widget_type=\"text-editor.default\">\n\t\t\t\t<div class=\"elementor-widget-container\">\n\t\t\t<style>\/*! elementor - v3.21.0 - 30-04-2024 *\/\n.elementor-widget-text-editor.elementor-drop-cap-view-stacked .elementor-drop-cap{background-color:#69727d;color:#fff}.elementor-widget-text-editor.elementor-drop-cap-view-framed .elementor-drop-cap{color:#69727d;border:3px solid;background-color:transparent}.elementor-widget-text-editor:not(.elementor-drop-cap-view-default) .elementor-drop-cap{margin-top:8px}.elementor-widget-text-editor:not(.elementor-drop-cap-view-default) .elementor-drop-cap-letter{width:1em;height:1em}.elementor-widget-text-editor .elementor-drop-cap{float:left;text-align:center;line-height:1;font-size:50px}.elementor-widget-text-editor .elementor-drop-cap-letter{display:inline-block}<\/style>\t\t\t\t<p>Mattia De Luca ha fatto della sua passione per l\u2019arte un mestiere, aprendo nel 2018 una prima galleria insieme a Sergio Casoli, divenuta due anni pi\u00f9 tardi l&#8217;attuale Galleria Mattia De Luca.<br \/>\nLa Galleria \u00e8 specializzata\u00a0in importanti opere di grandi maestri del Novecento, tutti appartenenti ad una consolidata storiografia artistica.\u00a0Con un nutrito programma di mostre, pubblicazioni e progetti, la Galleria Mattia De Luca mantiene un profilo internazionale e innovativo nel contesto tradizionale del centro storico di Roma.<\/p>\n<p>&nbsp;<\/p>\n<p>Situata in Piazza di Campitelli, tra Piazza\u00a0Venezia, il Teatro di Marcello e l\u2019Antico Ghetto ebraico, la Galleria \u00e8 ubicata nello storico Palazzo Albertoni Spinola: un edificio commissionato dal Marchese Baldassarre Paluzzi Albertoni (1599-1653) all\u2019architetto Giacomo della Porta (ca. 1540-1602) e poi a Girolamo Rainaldi (1570-1655). Passato prima alla discendenza degli Altieri e poi all&#8217;amministratore del patrimonio della Corona Reale di Spagna, Manuel Godoy y \u00c1lvarez de Faria Rios Sanchez Zarzosa (1767-1851), il Palazzo divenne propriet\u00e0 del Cardinale Bartolomeo Pacca (1756-1844), autore nel 1820 di uno dei primi editti in materia di protezione delle opere d\u2019arte e dei monumenti all\u2019interno dello Stato della Chiesa.\u00a0Alla morte del Cardinale, il palazzo rest\u00f2 ai suoi nipoti per un cinquantennio e nel 1886 fu venduto alla Contessa Carolina Portalupi (1852-1891) che lo restaur\u00f2, lasciandolo ai suoi discendenti diretti, i genovesi Marchesi Spinola, che ne detengono tutt&#8217;oggi la propriet\u00e0.<\/p>\n\t\t\t\t\t\t<\/div>\n\t\t\t\t<\/div>\n\t\t\t\t\t<\/div>\n\t\t\t\t<\/div>\n\t\t\t\t\t<\/div>\n\t\t\t\t<\/div>\n\t\t<div class=\"elementor-element elementor-element-93daa34 e-flex e-con-boxed e-con e-parent\" data-id=\"93daa34\" data-element_type=\"container\">\n\t\t\t\t\t<div class=\"e-con-inner\">\n\t\t<div class=\"elementor-element elementor-element-665f194 e-flex e-con-boxed e-con e-child\" data-id=\"665f194\" data-element_type=\"container\">\n\t\t\t\t\t<div class=\"e-con-inner\">\n\t\t\t\t<div class=\"elementor-element elementor-element-dfd8dba elementor-widget elementor-widget-text-editor\" data-id=\"dfd8dba\" data-element_type=\"widget\" data-widget_type=\"text-editor.default\">\n\t\t\t\t<div class=\"elementor-widget-container\">\n\t\t\t\t\t\t\t<p>Per informazioni generali, contattare<br><a href=\"mailto:info@mattiadeluca.com\">info@mattiadeluca.com<\/a><br><a href=\"te:+39066991188\">+39 06 6991188<\/a><\/p>\t\t\t\t\t\t<\/div>\n\t\t\t\t<\/div>\n\t\t<div class=\"elementor-element elementor-element-f296813 e-con-full e-flex e-con e-child\" data-id=\"f296813\" data-element_type=\"container\">\n\t\t\t\t<div class=\"elementor-element elementor-element-a38d85e elementor-align-left elementor-widget__width-auto elementor-widget elementor-widget-button\" data-id=\"a38d85e\" data-element_type=\"widget\" data-widget_type=\"button.default\">\n\t\t\t\t<div class=\"elementor-widget-container\">\n\t\t\t\t\t<div class=\"elementor-button-wrapper\">\n\t\t\t<a class=\"elementor-button elementor-button-link elementor-size-sm\" href=\"#elementor-action%3Aaction%3Dpopup%3Aopen%26settings%3DeyJpZCI6MTE1OCwidG9nZ2xlIjpmYWxzZX0%3D\">\n\t\t\t\t\t\t<span class=\"elementor-button-content-wrapper\">\n\t\t\t\t\t\t\t\t\t<span class=\"elementor-button-text\">MAILING LIST<\/span>\n\t\t\t\t\t<\/span>\n\t\t\t\t\t<\/a>\n\t\t<\/div>\n\t\t\t\t<\/div>\n\t\t\t\t<\/div>\n\t\t\t\t<\/div>\n\t\t\t\t\t<\/div>\n\t\t\t\t<\/div>\n\t\t<div class=\"elementor-element elementor-element-f2cfdd0 e-flex e-con-boxed e-con e-child\" data-id=\"f2cfdd0\" data-element_type=\"container\">\n\t\t\t\t\t<div class=\"e-con-inner\">\n\t\t\t\t\t<\/div>\n\t\t\t\t<\/div>\n\t\t\t\t\t<\/div>\n\t\t\t\t<\/div>\n\t\t\t\t<\/div>\n\t\t","protected":false},"excerpt":{"rendered":"<p>https:\/\/www.mattiadeluca.com\/wp-content\/uploads\/2024\/03\/90-secondi-superleggero.mp4 Per informazioni generali, contattareinfo@mattiadeluca.com+39 06 6991188 MAILING LIST<\/p>\n","protected":false},"author":3,"featured_media":0,"parent":0,"menu_order":9,"comment_status":"closed","ping_status":"closed","template":"","meta":{"_acf_changed":false,"footnotes":""},"class_list":["post-19","page","type-page","status-publish","hentry"],"acf":[],"yoast_head":"<!-- This site is optimized with the Yoast SEO plugin v27.2 - https:\/\/yoast.com\/product\/yoast-seo-wordpress\/ -->\n<title>La Galleria - Mattia De Luca Gallery<\/title>\n<meta name=\"robots\" content=\"index, follow, max-snippet:-1, max-image-preview:large, max-video-preview:-1\" \/>\n<link rel=\"canonical\" href=\"https:\/\/www.mattiadeluca.com\/it\/la-galleria\/\" \/>\n<meta property=\"og:locale\" content=\"it_IT\" \/>\n<meta property=\"og:type\" content=\"article\" \/>\n<meta property=\"og:title\" content=\"La Galleria - Mattia De Luca Gallery\" \/>\n<meta property=\"og:description\" content=\"https:\/\/www.mattiadeluca.com\/wp-content\/uploads\/2024\/03\/90-secondi-superleggero.mp4 Per informazioni generali, contattareinfo@mattiadeluca.com+39 06 6991188 MAILING LIST\" \/>\n<meta property=\"og:url\" content=\"https:\/\/www.mattiadeluca.com\/it\/la-galleria\/\" \/>\n<meta property=\"og:site_name\" content=\"Mattia De Luca Gallery\" \/>\n<meta property=\"article:publisher\" content=\"https:\/\/www.facebook.com\/galleriamattiadeluca\" \/>\n<meta property=\"article:modified_time\" content=\"2025-11-03T11:42:57+00:00\" \/>\n<meta name=\"twitter:card\" content=\"summary_large_image\" \/>\n<meta name=\"twitter:label1\" content=\"Tempo di lettura stimato\" \/>\n\t<meta name=\"twitter:data1\" content=\"1 minuto\" \/>\n<script type=\"application\/ld+json\" class=\"yoast-schema-graph\">{\"@context\":\"https:\/\/schema.org\",\"@graph\":[{\"@type\":\"WebPage\",\"@id\":\"https:\/\/www.mattiadeluca.com\/it\/la-galleria\/\",\"url\":\"https:\/\/www.mattiadeluca.com\/it\/la-galleria\/\",\"name\":\"La Galleria - Mattia De Luca Gallery\",\"isPartOf\":{\"@id\":\"https:\/\/www.mattiadeluca.com\/#website\"},\"datePublished\":\"2023-07-12T19:30:37+00:00\",\"dateModified\":\"2025-11-03T11:42:57+00:00\",\"breadcrumb\":{\"@id\":\"https:\/\/www.mattiadeluca.com\/it\/la-galleria\/#breadcrumb\"},\"inLanguage\":\"it-IT\",\"potentialAction\":[{\"@type\":\"ReadAction\",\"target\":[\"https:\/\/www.mattiadeluca.com\/it\/la-galleria\/\"]}]},{\"@type\":\"BreadcrumbList\",\"@id\":\"https:\/\/www.mattiadeluca.com\/it\/la-galleria\/#breadcrumb\",\"itemListElement\":[{\"@type\":\"ListItem\",\"position\":1,\"name\":\"Home\",\"item\":\"https:\/\/www.mattiadeluca.com\/it\/\"},{\"@type\":\"ListItem\",\"position\":2,\"name\":\"La Galleria\"}]},{\"@type\":\"WebSite\",\"@id\":\"https:\/\/www.mattiadeluca.com\/#website\",\"url\":\"https:\/\/www.mattiadeluca.com\/\",\"name\":\"Galleria Mattia De Luca\",\"description\":\"Galleria di Arte Contemporanea a Roma\",\"publisher\":{\"@id\":\"https:\/\/www.mattiadeluca.com\/#organization\"},\"potentialAction\":[{\"@type\":\"SearchAction\",\"target\":{\"@type\":\"EntryPoint\",\"urlTemplate\":\"https:\/\/www.mattiadeluca.com\/?s={search_term_string}\"},\"query-input\":{\"@type\":\"PropertyValueSpecification\",\"valueRequired\":true,\"valueName\":\"search_term_string\"}}],\"inLanguage\":\"it-IT\"},{\"@type\":\"Organization\",\"@id\":\"https:\/\/www.mattiadeluca.com\/#organization\",\"name\":\"Galleria Mattia De Luca\",\"url\":\"https:\/\/www.mattiadeluca.com\/\",\"logo\":{\"@type\":\"ImageObject\",\"inLanguage\":\"it-IT\",\"@id\":\"https:\/\/www.mattiadeluca.com\/#\/schema\/logo\/image\/\",\"url\":\"https:\/\/www.mattiadeluca.com\/wp-content\/uploads\/2023\/07\/MattiaDeLuca_logo.svg\",\"contentUrl\":\"https:\/\/www.mattiadeluca.com\/wp-content\/uploads\/2023\/07\/MattiaDeLuca_logo.svg\",\"width\":312,\"height\":23,\"caption\":\"Galleria Mattia De Luca\"},\"image\":{\"@id\":\"https:\/\/www.mattiadeluca.com\/#\/schema\/logo\/image\/\"},\"sameAs\":[\"https:\/\/www.facebook.com\/galleriamattiadeluca\",\"https:\/\/www.instagram.com\/galleriamattiadeluca\/\"]}]}<\/script>\n<!-- \/ Yoast SEO plugin. -->","yoast_head_json":{"title":"La Galleria - Mattia De Luca Gallery","robots":{"index":"index","follow":"follow","max-snippet":"max-snippet:-1","max-image-preview":"max-image-preview:large","max-video-preview":"max-video-preview:-1"},"canonical":"https:\/\/www.mattiadeluca.com\/it\/la-galleria\/","og_locale":"it_IT","og_type":"article","og_title":"La Galleria - Mattia De Luca Gallery","og_description":"https:\/\/www.mattiadeluca.com\/wp-content\/uploads\/2024\/03\/90-secondi-superleggero.mp4 Per informazioni generali, contattareinfo@mattiadeluca.com+39 06 6991188 MAILING LIST","og_url":"https:\/\/www.mattiadeluca.com\/it\/la-galleria\/","og_site_name":"Mattia De Luca Gallery","article_publisher":"https:\/\/www.facebook.com\/galleriamattiadeluca","article_modified_time":"2025-11-03T11:42:57+00:00","twitter_card":"summary_large_image","twitter_misc":{"Tempo di lettura stimato":"1 minuto"},"schema":{"@context":"https:\/\/schema.org","@graph":[{"@type":"WebPage","@id":"https:\/\/www.mattiadeluca.com\/it\/la-galleria\/","url":"https:\/\/www.mattiadeluca.com\/it\/la-galleria\/","name":"La Galleria - Mattia De Luca Gallery","isPartOf":{"@id":"https:\/\/www.mattiadeluca.com\/#website"},"datePublished":"2023-07-12T19:30:37+00:00","dateModified":"2025-11-03T11:42:57+00:00","breadcrumb":{"@id":"https:\/\/www.mattiadeluca.com\/it\/la-galleria\/#breadcrumb"},"inLanguage":"it-IT","potentialAction":[{"@type":"ReadAction","target":["https:\/\/www.mattiadeluca.com\/it\/la-galleria\/"]}]},{"@type":"BreadcrumbList","@id":"https:\/\/www.mattiadeluca.com\/it\/la-galleria\/#breadcrumb","itemListElement":[{"@type":"ListItem","position":1,"name":"Home","item":"https:\/\/www.mattiadeluca.com\/it\/"},{"@type":"ListItem","position":2,"name":"La Galleria"}]},{"@type":"WebSite","@id":"https:\/\/www.mattiadeluca.com\/#website","url":"https:\/\/www.mattiadeluca.com\/","name":"Galleria Mattia De Luca","description":"Galleria di Arte Contemporanea a Roma","publisher":{"@id":"https:\/\/www.mattiadeluca.com\/#organization"},"potentialAction":[{"@type":"SearchAction","target":{"@type":"EntryPoint","urlTemplate":"https:\/\/www.mattiadeluca.com\/?s={search_term_string}"},"query-input":{"@type":"PropertyValueSpecification","valueRequired":true,"valueName":"search_term_string"}}],"inLanguage":"it-IT"},{"@type":"Organization","@id":"https:\/\/www.mattiadeluca.com\/#organization","name":"Galleria Mattia De Luca","url":"https:\/\/www.mattiadeluca.com\/","logo":{"@type":"ImageObject","inLanguage":"it-IT","@id":"https:\/\/www.mattiadeluca.com\/#\/schema\/logo\/image\/","url":"https:\/\/www.mattiadeluca.com\/wp-content\/uploads\/2023\/07\/MattiaDeLuca_logo.svg","contentUrl":"https:\/\/www.mattiadeluca.com\/wp-content\/uploads\/2023\/07\/MattiaDeLuca_logo.svg","width":312,"height":23,"caption":"Galleria Mattia De Luca"},"image":{"@id":"https:\/\/www.mattiadeluca.com\/#\/schema\/logo\/image\/"},"sameAs":["https:\/\/www.facebook.com\/galleriamattiadeluca","https:\/\/www.instagram.com\/galleriamattiadeluca\/"]}]}},"_links":{"self":[{"href":"https:\/\/www.mattiadeluca.com\/it\/wp-json\/wp\/v2\/pages\/19","targetHints":{"allow":["GET"]}}],"collection":[{"href":"https:\/\/www.mattiadeluca.com\/it\/wp-json\/wp\/v2\/pages"}],"about":[{"href":"https:\/\/www.mattiadeluca.com\/it\/wp-json\/wp\/v2\/types\/page"}],"author":[{"embeddable":true,"href":"https:\/\/www.mattiadeluca.com\/it\/wp-json\/wp\/v2\/users\/3"}],"replies":[{"embeddable":true,"href":"https:\/\/www.mattiadeluca.com\/it\/wp-json\/wp\/v2\/comments?post=19"}],"version-history":[{"count":173,"href":"https:\/\/www.mattiadeluca.com\/it\/wp-json\/wp\/v2\/pages\/19\/revisions"}],"predecessor-version":[{"id":3564,"href":"https:\/\/www.mattiadeluca.com\/it\/wp-json\/wp\/v2\/pages\/19\/revisions\/3564"}],"wp:attachment":[{"href":"https:\/\/www.mattiadeluca.com\/it\/wp-json\/wp\/v2\/media?parent=19"}],"curies":[{"name":"wp","href":"https:\/\/api.w.org\/{rel}","templated":true}]}}